{"id":28,"date":"2019-04-10T12:14:31","date_gmt":"2019-04-10T12:14:31","guid":{"rendered":"http:\/\/gje.vcj.mybluehost.me\/about-us\/"},"modified":"2024-09-20T21:14:20","modified_gmt":"2024-09-20T21:14:20","slug":"about-us","status":"publish","type":"page","link":"https:\/\/keniasalonandbarbershop.site\/es\/about-us\/","title":{"rendered":"Qui\u00e9nes somos"},"content":{"rendered":"<div data-elementor-type=\"wp-post\" data-elementor-id=\"28\" class=\"elementor elementor-28\">\n\t\t\t\t\t\t<section class=\"elementor-section elementor-top-section elementor-element elementor-element-39a6760 elementor-reverse-tablet elementor-reverse-mobile elementor-section-boxed elementor-section-height-default elementor-section-height-default sc_fly_static\" data-id=\"39a6760\" data-element_type=\"section\" data-e-type=\"section\">\n\t\t\t\t\t\t<div class=\"elementor-container elementor-column-gap-extended\">\n\t\t\t\t\t<div class=\"elementor-column elementor-col-33 elementor-top-column elementor-element elementor-element-2e5bce6 sc-mobile_inner_width_1_1 sc-mobile_content_align_center sc_content_align_inherit sc_layouts_column_icons_position_left sc_fly_static\" data-id=\"2e5bce6\" data-element_type=\"column\" data-e-type=\"column\">\n\t\t\t<div class=\"elementor-widget-wrap elementor-element-populated\">\n\t\t\t\t\t\t<div class=\"elementor-element elementor-element-34f181c sc_fly_static elementor-widget elementor-widget-trx_sc_title\" data-id=\"34f181c\" data-element_type=\"widget\" data-e-type=\"widget\" data-widget_type=\"trx_sc_title.default\">\n\t\t\t\t<div class=\"elementor-widget-container\">\n\t\t\t\t\t<div\t\tclass=\"sc_title sc_title_accent\"><h2 class=\"sc_item_title sc_title_title sc_align_left sc_item_title_style_accent sc_item_title_tag\"\n\t\t\t><span class=\"sc_item_title_text\">Nuestra historia<\/span><\/h2><\/div>\t\t\t\t<\/div>\n\t\t\t\t<\/div>\n\t\t\t\t<div class=\"elementor-element elementor-element-8205dd9 sc_fly_static elementor-widget elementor-widget-spacer\" data-id=\"8205dd9\" data-element_type=\"widget\" data-e-type=\"widget\" data-widget_type=\"spacer.default\">\n\t\t\t\t<div class=\"elementor-widget-container\">\n\t\t\t\t\t\t\t<div class=\"elementor-spacer\">\n\t\t\t<div class=\"elementor-spacer-inner\"><\/div>\n\t\t<\/div>\n\t\t\t\t\t\t<\/div>\n\t\t\t\t<\/div>\n\t\t\t\t<div class=\"elementor-element elementor-element-2795c55 elementor-widget__width-initial elementor-tabs-view-horizontal sc_fly_static elementor-widget elementor-widget-tabs\" data-id=\"2795c55\" data-element_type=\"widget\" data-e-type=\"widget\" data-widget_type=\"tabs.default\">\n\t\t\t\t<div class=\"elementor-widget-container\">\n\t\t\t\t\t\t\t<div class=\"elementor-tabs\">\n\t\t\t<div class=\"elementor-tabs-wrapper\" role=\"tablist\" >\n\t\t\t\t\t\t\t\t\t<div id=\"elementor-tab-title-4151\" class=\"elementor-tab-title elementor-tab-desktop-title\" aria-selected=\"true\" data-tab=\"1\" role=\"tab\" tabindex=\"0\" aria-controls=\"elementor-tab-content-4151\" aria-expanded=\"false\">2022<\/div>\n\t\t\t\t\t\t\t\t\t<div id=\"elementor-tab-title-4152\" class=\"elementor-tab-title elementor-tab-desktop-title\" aria-selected=\"false\" data-tab=\"2\" role=\"tab\" tabindex=\"-1\" aria-controls=\"elementor-tab-content-4152\" aria-expanded=\"false\">2023<\/div>\n\t\t\t\t\t\t\t\t\t<div id=\"elementor-tab-title-4153\" class=\"elementor-tab-title elementor-tab-desktop-title\" aria-selected=\"false\" data-tab=\"3\" role=\"tab\" tabindex=\"-1\" aria-controls=\"elementor-tab-content-4153\" aria-expanded=\"false\">2024<\/div>\n\t\t\t\t\t\t\t<\/div>\n\t\t\t<div class=\"elementor-tabs-content-wrapper\" role=\"tablist\" aria-orientation=\"vertical\">\n\t\t\t\t\t\t\t\t\t<div class=\"elementor-tab-title elementor-tab-mobile-title\" aria-selected=\"true\" data-tab=\"1\" role=\"tab\" tabindex=\"0\" aria-controls=\"elementor-tab-content-4151\" aria-expanded=\"false\">2022<\/div>\n\t\t\t\t\t<div id=\"elementor-tab-content-4151\" class=\"elementor-tab-content elementor-clearfix\" data-tab=\"1\" role=\"tabpanel\" aria-labelledby=\"elementor-tab-title-4151\" tabindex=\"0\" hidden=\"false\"><p>El viaje comenz\u00f3 en 2022 con una pasi\u00f3n por la peluquer\u00eda y la visi\u00f3n de crear un sal\u00f3n que combine arte y calidad. Abrimos nuestras puertas a la comunidad, ofreciendo servicios excepcionales y un ambiente acogedor. Desde el primer d\u00eda, nos enfocamos en construir relaciones duraderas con nuestros clientes.<\/p><\/div>\n\t\t\t\t\t\t\t\t\t<div class=\"elementor-tab-title elementor-tab-mobile-title\" aria-selected=\"false\" data-tab=\"2\" role=\"tab\" tabindex=\"-1\" aria-controls=\"elementor-tab-content-4152\" aria-expanded=\"false\">2023<\/div>\n\t\t\t\t\t<div id=\"elementor-tab-content-4152\" class=\"elementor-tab-content elementor-clearfix\" data-tab=\"2\" role=\"tabpanel\" aria-labelledby=\"elementor-tab-title-4152\" tabindex=\"0\" hidden=\"hidden\"><p>En 2023, ampliamos nuestro equipo de profesionales capacitados e introdujimos nuevas t\u00e9cnicas innovadoras para satisfacer la creciente demanda. Nuestro compromiso con estar a la vanguardia de la industria de la belleza nos permiti\u00f3 crecer r\u00e1pidamente. Tambi\u00e9n renovamos nuestro espacio para ofrecer una experiencia a\u00fan m\u00e1s lujosa.<\/p><\/div>\n\t\t\t\t\t\t\t\t\t<div class=\"elementor-tab-title elementor-tab-mobile-title\" aria-selected=\"false\" data-tab=\"3\" role=\"tab\" tabindex=\"-1\" aria-controls=\"elementor-tab-content-4153\" aria-expanded=\"false\">2024<\/div>\n\t\t\t\t\t<div id=\"elementor-tab-content-4153\" class=\"elementor-tab-content elementor-clearfix\" data-tab=\"3\" role=\"tabpanel\" aria-labelledby=\"elementor-tab-title-4153\" tabindex=\"0\" hidden=\"hidden\"><p>Para 2024, nuestro sal\u00f3n se convirti\u00f3 en un nombre de confianza en la comunidad. Lanzamos servicios exclusivos y nos asociamos con marcas de primer nivel para garantizar que nuestros clientes recibieran lo mejor en cuidado de belleza. A medida que miramos hacia el futuro, seguimos elevando el nivel y manteni\u00e9ndonos a la vanguardia de las tendencias.<\/p><\/div>\n\t\t\t\t\t\t\t<\/div>\n\t\t<\/div>\n\t\t\t\t\t\t<\/div>\n\t\t\t\t<\/div>\n\t\t\t\t\t<\/div>\n\t\t<\/div>\n\t\t\t\t<div class=\"elementor-column elementor-col-66 elementor-top-column elementor-element elementor-element-12413a0 sc-mobile_inner_width_1_1 sc-mobile_content_align_center sc_content_align_inherit sc_layouts_column_icons_position_left sc_fly_static\" data-id=\"12413a0\" data-element_type=\"column\" data-e-type=\"column\" data-settings=\"{&quot;background_background&quot;:&quot;classic&quot;}\">\n\t\t\t<div class=\"elementor-widget-wrap elementor-element-populated\">\n\t\t\t\t\t\t<div class=\"elementor-element elementor-element-86f3375 sc_fly_static elementor-widget elementor-widget-image\" data-id=\"86f3375\" data-element_type=\"widget\" data-e-type=\"widget\" data-widget_type=\"image.default\">\n\t\t\t\t<div class=\"elementor-widget-container\">\n\t\t\t\t\t\t\t\t\t\t\t\t\t\t\t<img fetchpriority=\"high\" decoding=\"async\" width=\"1920\" height=\"1437\" src=\"https:\/\/i0.wp.com\/keniasalonandbarbershop.site\/wp-content\/uploads\/2024\/09\/IMG_8248-min-scaled-e1726866751925.jpg?fit=1920%2C1437&amp;ssl=1\" class=\"attachment-full size-full wp-image-571\" alt=\"\" srcset=\"https:\/\/i0.wp.com\/keniasalonandbarbershop.site\/wp-content\/uploads\/2024\/09\/IMG_8248-min-scaled-e1726866751925.jpg?w=1920&amp;ssl=1 1920w, https:\/\/i0.wp.com\/keniasalonandbarbershop.site\/wp-content\/uploads\/2024\/09\/IMG_8248-min-scaled-e1726866751925.jpg?resize=300%2C225&amp;ssl=1 300w, https:\/\/i0.wp.com\/keniasalonandbarbershop.site\/wp-content\/uploads\/2024\/09\/IMG_8248-min-scaled-e1726866751925.jpg?resize=1024%2C766&amp;ssl=1 1024w, https:\/\/i0.wp.com\/keniasalonandbarbershop.site\/wp-content\/uploads\/2024\/09\/IMG_8248-min-scaled-e1726866751925.jpg?resize=768%2C575&amp;ssl=1 768w, https:\/\/i0.wp.com\/keniasalonandbarbershop.site\/wp-content\/uploads\/2024\/09\/IMG_8248-min-scaled-e1726866751925.jpg?resize=1536%2C1150&amp;ssl=1 1536w, https:\/\/i0.wp.com\/keniasalonandbarbershop.site\/wp-content\/uploads\/2024\/09\/IMG_8248-min-scaled-e1726866751925.jpg?resize=16%2C12&amp;ssl=1 16w, https:\/\/i0.wp.com\/keniasalonandbarbershop.site\/wp-content\/uploads\/2024\/09\/IMG_8248-min-scaled-e1726866751925.jpg?resize=370%2C277&amp;ssl=1 370w, https:\/\/i0.wp.com\/keniasalonandbarbershop.site\/wp-content\/uploads\/2024\/09\/IMG_8248-min-scaled-e1726866751925.jpg?resize=786%2C588&amp;ssl=1 786w, https:\/\/i0.wp.com\/keniasalonandbarbershop.site\/wp-content\/uploads\/2024\/09\/IMG_8248-min-scaled-e1726866751925.jpg?resize=404%2C302&amp;ssl=1 404w\" sizes=\"(max-width: 1270px) 100vw, 1270px\" \/>\t\t\t\t\t\t\t\t\t\t\t\t\t\t\t<\/div>\n\t\t\t\t<\/div>\n\t\t\t\t\t<\/div>\n\t\t<\/div>\n\t\t\t\t\t<\/div>\n\t\t<\/section>\n\t\t\t\t<section class=\"elementor-section elementor-top-section elementor-element elementor-element-2ccc794 elementor-section-boxed elementor-section-height-default elementor-section-height-default sc_fly_static\" data-id=\"2ccc794\" data-element_type=\"section\" data-e-type=\"section\">\n\t\t\t\t\t\t<div class=\"elementor-container elementor-column-gap-extended\">\n\t\t\t\t\t<div class=\"elementor-column elementor-col-100 elementor-top-column elementor-element elementor-element-200986d sc_content_align_inherit sc_layouts_column_icons_position_left sc_fly_static\" data-id=\"200986d\" data-element_type=\"column\" data-e-type=\"column\">\n\t\t\t<div class=\"elementor-widget-wrap elementor-element-populated\">\n\t\t\t\t\t\t<div class=\"elementor-element elementor-element-3c107ce sc_fly_static elementor-widget elementor-widget-spacer\" data-id=\"3c107ce\" data-element_type=\"widget\" data-e-type=\"widget\" data-widget_type=\"spacer.default\">\n\t\t\t\t<div class=\"elementor-widget-container\">\n\t\t\t\t\t\t\t<div class=\"elementor-spacer\">\n\t\t\t<div class=\"elementor-spacer-inner\"><\/div>\n\t\t<\/div>\n\t\t\t\t\t\t<\/div>\n\t\t\t\t<\/div>\n\t\t\t\t\t<\/div>\n\t\t<\/div>\n\t\t\t\t\t<\/div>\n\t\t<\/section>\n\t\t\t\t<section class=\"elementor-section elementor-top-section elementor-element elementor-element-8cd0157 elementor-section-stretched elementor-section-full_width elementor-section-content-middle scheme_dark elementor-section-height-default elementor-section-height-default sc_fly_static\" data-id=\"8cd0157\" data-element_type=\"section\" data-e-type=\"section\" data-settings=\"{&quot;stretch_section&quot;:&quot;section-stretched&quot;,&quot;background_background&quot;:&quot;classic&quot;}\">\n\t\t\t\t\t\t<div class=\"elementor-container elementor-column-gap-no\">\n\t\t\t\t\t<div class=\"elementor-column elementor-col-33 elementor-top-column elementor-element elementor-element-0a548c6 sc_content_align_inherit sc_layouts_column_icons_position_left sc_fly_static\" data-id=\"0a548c6\" data-element_type=\"column\" data-e-type=\"column\" data-settings=\"{&quot;background_background&quot;:&quot;classic&quot;}\">\n\t\t\t<div class=\"elementor-widget-wrap elementor-element-populated\">\n\t\t\t\t\t\t<div class=\"elementor-element elementor-element-276f296 sc_fly_static elementor-widget elementor-widget-spacer\" data-id=\"276f296\" data-element_type=\"widget\" data-e-type=\"widget\" data-widget_type=\"spacer.default\">\n\t\t\t\t<div class=\"elementor-widget-container\">\n\t\t\t\t\t\t\t<div class=\"elementor-spacer\">\n\t\t\t<div class=\"elementor-spacer-inner\"><\/div>\n\t\t<\/div>\n\t\t\t\t\t\t<\/div>\n\t\t\t\t<\/div>\n\t\t\t\t<div class=\"elementor-element elementor-element-f2b086d sc_fly_static elementor-widget elementor-widget-trx_sc_button\" data-id=\"f2b086d\" data-element_type=\"widget\" data-e-type=\"widget\" data-widget_type=\"trx_sc_button.default\">\n\t\t\t\t<div class=\"elementor-widget-container\">\n\t\t\t\t\t<div\tclass=\"sc_item_button sc_button_wrap sc_align_center\"><a href=\"#video_popup2\" class=\"sc_button sc_button_extra sc_button_size_small sc_button_with_icon sc_button_icon_left\"><span class=\"sc_button_icon\"><span class=\"icon-play-button\"><\/span><\/span><\/a><\/div>\t\t\t\t<\/div>\n\t\t\t\t<\/div>\n\t\t\t\t<div class=\"elementor-element elementor-element-c7cba97 sc_fly_static elementor-widget elementor-widget-spacer\" data-id=\"c7cba97\" data-element_type=\"widget\" data-e-type=\"widget\" data-widget_type=\"spacer.default\">\n\t\t\t\t<div class=\"elementor-widget-container\">\n\t\t\t\t\t\t\t<div class=\"elementor-spacer\">\n\t\t\t<div class=\"elementor-spacer-inner\"><\/div>\n\t\t<\/div>\n\t\t\t\t\t\t<\/div>\n\t\t\t\t<\/div>\n\t\t\t\t\t<\/div>\n\t\t<\/div>\n\t\t\t\t<div class=\"elementor-column elementor-col-33 elementor-top-column elementor-element elementor-element-3f7ff65 sc_inner_width_1_3 sc_content_align_left sc_layouts_column_icons_position_left sc_fly_static\" data-id=\"3f7ff65\" data-element_type=\"column\" data-e-type=\"column\" data-settings=\"{&quot;background_background&quot;:&quot;classic&quot;}\">\n\t\t\t<div class=\"elementor-widget-wrap\">\n\t\t\t\t\t\t\t<\/div>\n\t\t<\/div>\n\t\t\t\t<div class=\"elementor-column elementor-col-33 elementor-top-column elementor-element elementor-element-0844cd7 sc_inner_width_1_2 sc_content_align_left sc-mobile_inner_width_1_1 sc-mobile_content_align_center sc_layouts_column_icons_position_left sc_fly_static\" data-id=\"0844cd7\" data-element_type=\"column\" data-e-type=\"column\" data-settings=\"{&quot;background_background&quot;:&quot;classic&quot;}\">\n\t\t\t<div class=\"elementor-widget-wrap elementor-element-populated\">\n\t\t\t\t\t\t<div class=\"elementor-element elementor-element-2fccdf8 sc_fly_static elementor-widget elementor-widget-trx_sc_title\" data-id=\"2fccdf8\" data-element_type=\"widget\" data-e-type=\"widget\" data-widget_type=\"trx_sc_title.default\">\n\t\t\t\t<div class=\"elementor-widget-container\">\n\t\t\t\t\t<div\t\tclass=\"sc_title sc_title_accent\"><h2 class=\"sc_item_title sc_title_title sc_align_left sc_item_title_style_accent sc_item_title_tag\"\n\t\t\t><span class=\"sc_item_title_text\">\u00bfPor qu\u00e9 elegir nuestro sal\u00f3n?<\/span><\/h2><div class=\"sc_item_descr sc_title_descr sc_align_left\"><p>Elige nuestro sal\u00f3n para vivir una experiencia premium donde la calidad, el servicio personalizado y tu satisfacci\u00f3n son nuestras principales prioridades. Disfruta de un look impecable mientras te relajas en un ambiente acogedor.<\/p>\n<\/div><\/div>\t\t\t\t<\/div>\n\t\t\t\t<\/div>\n\t\t\t\t\t<\/div>\n\t\t<\/div>\n\t\t\t\t\t<\/div>\n\t\t<\/section>\n\t\t\t\t<\/div>","protected":false},"excerpt":{"rendered":"<p>Our story 2022 2023 2024 2022 The journey began in 2022 with a passion for hairstyling and a vision to create a salon that combines artistry and quality. We opened our doors to the community, offering exceptional services&hellip;<\/p>","protected":false},"author":1,"featured_media":0,"parent":0,"menu_order":0,"comment_status":"closed","ping_status":"closed","template":"","meta":{"nf_dc_page":"","om_disable_all_campaigns":false,"_monsterinsights_skip_tracking":false,"_monsterinsights_sitenote_active":false,"_monsterinsights_sitenote_note":"","_monsterinsights_sitenote_category":0,"footnotes":""},"class_list":["post-28","page","type-page","status-publish","hentry"],"yoast_head":"<!-- This site is optimized with the Yoast SEO plugin v27.3 - https:\/\/yoast.com\/product\/yoast-seo-wordpress\/ -->\n<title>About us - Kenia Salon and Barbershop<\/title>\n<meta name=\"robots\" content=\"index, follow, max-snippet:-1, max-image-preview:large, max-video-preview:-1\" \/>\n<link rel=\"canonical\" href=\"https:\/\/keniasalonandbarbershop.site\/es\/about-us\/\" \/>\n<meta property=\"og:locale\" content=\"es_MX\" \/>\n<meta property=\"og:type\" content=\"article\" \/>\n<meta property=\"og:title\" content=\"About us - Kenia Salon and Barbershop\" \/>\n<meta property=\"og:description\" content=\"Our story 2022 2023 2024 2022 The journey began in 2022 with a passion for hairstyling and a vision to create a salon that combines artistry and quality. We opened our doors to the community, offering exceptional services&hellip;\" \/>\n<meta property=\"og:url\" content=\"https:\/\/keniasalonandbarbershop.site\/es\/about-us\/\" \/>\n<meta property=\"og:site_name\" content=\"Kenia Salon and Barbershop\" \/>\n<meta property=\"article:modified_time\" content=\"2024-09-20T21:14:20+00:00\" \/>\n<meta property=\"og:image\" content=\"http:\/\/gje.vcj.mybluehost.me\/wp-content\/uploads\/2024\/09\/IMG_8248-min-scaled-e1726866751925.jpg\" \/>\n<meta name=\"twitter:card\" content=\"summary_large_image\" \/>\n<meta name=\"twitter:label1\" content=\"Tiempo de lectura\" \/>\n\t<meta name=\"twitter:data1\" content=\"2 minutos\" \/>\n<script type=\"application\/ld+json\" class=\"yoast-schema-graph\">{\"@context\":\"https:\\\/\\\/schema.org\",\"@graph\":[{\"@type\":\"WebPage\",\"@id\":\"https:\\\/\\\/keniasalonandbarbershop.site\\\/about-us\\\/\",\"url\":\"https:\\\/\\\/keniasalonandbarbershop.site\\\/about-us\\\/\",\"name\":\"About us - Kenia Salon and Barbershop\",\"isPartOf\":{\"@id\":\"https:\\\/\\\/keniasalonandbarbershop.site\\\/#website\"},\"primaryImageOfPage\":{\"@id\":\"https:\\\/\\\/keniasalonandbarbershop.site\\\/about-us\\\/#primaryimage\"},\"image\":{\"@id\":\"https:\\\/\\\/keniasalonandbarbershop.site\\\/about-us\\\/#primaryimage\"},\"thumbnailUrl\":\"http:\\\/\\\/gje.vcj.mybluehost.me\\\/wp-content\\\/uploads\\\/2024\\\/09\\\/IMG_8248-min-scaled-e1726866751925.jpg\",\"datePublished\":\"2019-04-10T12:14:31+00:00\",\"dateModified\":\"2024-09-20T21:14:20+00:00\",\"breadcrumb\":{\"@id\":\"https:\\\/\\\/keniasalonandbarbershop.site\\\/about-us\\\/#breadcrumb\"},\"inLanguage\":\"es\",\"potentialAction\":[{\"@type\":\"ReadAction\",\"target\":[\"https:\\\/\\\/keniasalonandbarbershop.site\\\/about-us\\\/\"]}]},{\"@type\":\"ImageObject\",\"inLanguage\":\"es\",\"@id\":\"https:\\\/\\\/keniasalonandbarbershop.site\\\/about-us\\\/#primaryimage\",\"url\":\"http:\\\/\\\/gje.vcj.mybluehost.me\\\/wp-content\\\/uploads\\\/2024\\\/09\\\/IMG_8248-min-scaled-e1726866751925.jpg\",\"contentUrl\":\"http:\\\/\\\/gje.vcj.mybluehost.me\\\/wp-content\\\/uploads\\\/2024\\\/09\\\/IMG_8248-min-scaled-e1726866751925.jpg\"},{\"@type\":\"BreadcrumbList\",\"@id\":\"https:\\\/\\\/keniasalonandbarbershop.site\\\/about-us\\\/#breadcrumb\",\"itemListElement\":[{\"@type\":\"ListItem\",\"position\":1,\"name\":\"Home\",\"item\":\"https:\\\/\\\/keniasalonandbarbershop.site\\\/\"},{\"@type\":\"ListItem\",\"position\":2,\"name\":\"About us\"}]},{\"@type\":\"WebSite\",\"@id\":\"https:\\\/\\\/keniasalonandbarbershop.site\\\/#website\",\"url\":\"https:\\\/\\\/keniasalonandbarbershop.site\\\/\",\"name\":\"Kenia Salon and Barbershop\",\"description\":\"\",\"potentialAction\":[{\"@type\":\"SearchAction\",\"target\":{\"@type\":\"EntryPoint\",\"urlTemplate\":\"https:\\\/\\\/keniasalonandbarbershop.site\\\/?s={search_term_string}\"},\"query-input\":{\"@type\":\"PropertyValueSpecification\",\"valueRequired\":true,\"valueName\":\"search_term_string\"}}],\"inLanguage\":\"es\"}]}<\/script>\n<!-- \/ Yoast SEO plugin. -->","yoast_head_json":{"title":"About us - Kenia Salon and Barbershop","robots":{"index":"index","follow":"follow","max-snippet":"max-snippet:-1","max-image-preview":"max-image-preview:large","max-video-preview":"max-video-preview:-1"},"canonical":"https:\/\/keniasalonandbarbershop.site\/es\/about-us\/","og_locale":"es_MX","og_type":"article","og_title":"About us - Kenia Salon and Barbershop","og_description":"Our story 2022 2023 2024 2022 The journey began in 2022 with a passion for hairstyling and a vision to create a salon that combines artistry and quality. We opened our doors to the community, offering exceptional services&hellip;","og_url":"https:\/\/keniasalonandbarbershop.site\/es\/about-us\/","og_site_name":"Kenia Salon and Barbershop","article_modified_time":"2024-09-20T21:14:20+00:00","og_image":[{"url":"http:\/\/gje.vcj.mybluehost.me\/wp-content\/uploads\/2024\/09\/IMG_8248-min-scaled-e1726866751925.jpg","type":"","width":"","height":""}],"twitter_card":"summary_large_image","twitter_misc":{"Tiempo de lectura":"2 minutos"},"schema":{"@context":"https:\/\/schema.org","@graph":[{"@type":"WebPage","@id":"https:\/\/keniasalonandbarbershop.site\/about-us\/","url":"https:\/\/keniasalonandbarbershop.site\/about-us\/","name":"About us - Kenia Salon and Barbershop","isPartOf":{"@id":"https:\/\/keniasalonandbarbershop.site\/#website"},"primaryImageOfPage":{"@id":"https:\/\/keniasalonandbarbershop.site\/about-us\/#primaryimage"},"image":{"@id":"https:\/\/keniasalonandbarbershop.site\/about-us\/#primaryimage"},"thumbnailUrl":"http:\/\/gje.vcj.mybluehost.me\/wp-content\/uploads\/2024\/09\/IMG_8248-min-scaled-e1726866751925.jpg","datePublished":"2019-04-10T12:14:31+00:00","dateModified":"2024-09-20T21:14:20+00:00","breadcrumb":{"@id":"https:\/\/keniasalonandbarbershop.site\/about-us\/#breadcrumb"},"inLanguage":"es","potentialAction":[{"@type":"ReadAction","target":["https:\/\/keniasalonandbarbershop.site\/about-us\/"]}]},{"@type":"ImageObject","inLanguage":"es","@id":"https:\/\/keniasalonandbarbershop.site\/about-us\/#primaryimage","url":"http:\/\/gje.vcj.mybluehost.me\/wp-content\/uploads\/2024\/09\/IMG_8248-min-scaled-e1726866751925.jpg","contentUrl":"http:\/\/gje.vcj.mybluehost.me\/wp-content\/uploads\/2024\/09\/IMG_8248-min-scaled-e1726866751925.jpg"},{"@type":"BreadcrumbList","@id":"https:\/\/keniasalonandbarbershop.site\/about-us\/#breadcrumb","itemListElement":[{"@type":"ListItem","position":1,"name":"Home","item":"https:\/\/keniasalonandbarbershop.site\/"},{"@type":"ListItem","position":2,"name":"About us"}]},{"@type":"WebSite","@id":"https:\/\/keniasalonandbarbershop.site\/#website","url":"https:\/\/keniasalonandbarbershop.site\/","name":"Kenia Salon and Barbershop","description":"","potentialAction":[{"@type":"SearchAction","target":{"@type":"EntryPoint","urlTemplate":"https:\/\/keniasalonandbarbershop.site\/?s={search_term_string}"},"query-input":{"@type":"PropertyValueSpecification","valueRequired":true,"valueName":"search_term_string"}}],"inLanguage":"es"}]}},"jetpack_sharing_enabled":true,"_links":{"self":[{"href":"https:\/\/keniasalonandbarbershop.site\/es\/wp-json\/wp\/v2\/pages\/28","targetHints":{"allow":["GET"]}}],"collection":[{"href":"https:\/\/keniasalonandbarbershop.site\/es\/wp-json\/wp\/v2\/pages"}],"about":[{"href":"https:\/\/keniasalonandbarbershop.site\/es\/wp-json\/wp\/v2\/types\/page"}],"author":[{"embeddable":true,"href":"https:\/\/keniasalonandbarbershop.site\/es\/wp-json\/wp\/v2\/users\/1"}],"replies":[{"embeddable":true,"href":"https:\/\/keniasalonandbarbershop.site\/es\/wp-json\/wp\/v2\/comments?post=28"}],"version-history":[{"count":5,"href":"https:\/\/keniasalonandbarbershop.site\/es\/wp-json\/wp\/v2\/pages\/28\/revisions"}],"predecessor-version":[{"id":597,"href":"https:\/\/keniasalonandbarbershop.site\/es\/wp-json\/wp\/v2\/pages\/28\/revisions\/597"}],"wp:attachment":[{"href":"https:\/\/keniasalonandbarbershop.site\/es\/wp-json\/wp\/v2\/media?parent=28"}],"curies":[{"name":"wp","href":"https:\/\/api.w.org\/{rel}","templated":true}]}}